{"id":72462,"date":"2025-03-05T15:27:26","date_gmt":"2025-03-05T14:27:26","guid":{"rendered":"https:\/\/energipole.com\/carrieres\/"},"modified":"2026-01-08T14:57:32","modified_gmt":"2026-01-08T13:57:32","slug":"careers","status":"publish","type":"page","link":"https:\/\/energipole.com\/en\/careers\/","title":{"rendered":"Careers"},"content":{"rendered":"<p>[et_pb_section fb_built=&#8221;1&#8243; admin_label=&#8221;Hero&#8221; _builder_version=&#8221;4.27.4&#8243; _module_preset=&#8221;33b76652-c490-4e66-8874-a0e28d75ea5e&#8221; background_image=&#8221;https:\/\/energipole.com\/wp-content\/uploads\/2025\/08\/jobs.webp&#8221; background_size=&#8221;custom&#8221; background_image_width=&#8221;100%&#8221; background_position=&#8221;top_center&#8221; background_repeat=&#8221;repeat&#8221; bottom_divider_color=&#8221;#FFFFFF&#8221; background_last_edited=&#8221;on|tablet&#8221; background_image_width_tablet=&#8221;250%&#8221; da_disable_devices=&#8221;off|off|off&#8221; locked=&#8221;off&#8221; global_colors_info=&#8221;{}&#8221; da_is_popup=&#8221;off&#8221; da_exit_intent=&#8221;off&#8221; da_has_close=&#8221;on&#8221; da_alt_close=&#8221;off&#8221; da_dark_close=&#8221;off&#8221; da_not_modal=&#8221;on&#8221; da_is_singular=&#8221;off&#8221; da_with_loader=&#8221;off&#8221; da_has_shadow=&#8221;on&#8221;][et_pb_row make_equal=&#8221;on&#8221; _builder_version=&#8221;4.27.4&#8243; _module_preset=&#8221;default&#8221; custom_padding=&#8221;0px|0px|0px|0px|true|true&#8221; global_colors_info=&#8221;{}&#8221;][et_pb_column type=&#8221;4_4&#8243; _builder_version=&#8221;4.27.4&#8243; _module_preset=&#8221;default&#8221; overflow-x=&#8221;hidden&#8221; overflow-y=&#8221;hidden&#8221; custom_padding=&#8221;100px|6vw|100px|6vw|true|true&#8221; custom_css_main_element=&#8221;min-height: 500px;||display: flex;||flex-wrap: wrap;||flex-direction: column;||align-items: flex-start;||justify-content: flex-end;&#8221; global_colors_info=&#8221;{}&#8221;][et_pb_text admin_label=&#8221;Text&#8221; _builder_version=&#8221;4.27.4&#8243; _module_preset=&#8221;5298e62e-f7ac-4dd9-b361-006fc4da68de&#8221; background_size=&#8221;initial&#8221; background_position=&#8221;top_left&#8221; background_repeat=&#8221;repeat&#8221; background_layout=&#8221;dark&#8221; max_width=&#8221;800px&#8221; custom_margin=&#8221;||10px||false|false&#8221; custom_padding=&#8221;||||false|false&#8221; animation_style=&#8221;fade&#8221; global_colors_info=&#8221;{}&#8221;]<\/p>\n<h1 style=\"font-weight: 400;\"><strong>A job that makes sense, <\/strong><strong>an impact that lasts<\/strong><\/h1>\n<p>[\/et_pb_text][et_pb_image src=&#8221;https:\/\/energipole.com\/wp-content\/uploads\/2025\/08\/divider.svg&#8221; title_text=&#8221;divider&#8221; _builder_version=&#8221;4.27.4&#8243; _module_preset=&#8221;default&#8221; z_index=&#8221;20&#8243; width=&#8221;100px&#8221; max_width=&#8221;100px&#8221; min_height=&#8221;17.5px&#8221; custom_margin=&#8221;||||false|false&#8221; animation_style=&#8221;slide&#8221; animation_direction=&#8221;left&#8221; animation_delay=&#8221;200ms&#8221; saved_tabs=&#8221;all&#8221; locked=&#8221;off&#8221; global_colors_info=&#8221;{}&#8221;][\/et_pb_image][et_pb_image src=&#8221;https:\/\/energipole.com\/wp-content\/uploads\/2025\/08\/ENERGIPOLE-icon2.svg&#8221; title_text=&#8221;ENERGIPOLE-icon2&#8243; _builder_version=&#8221;4.27.4&#8243; _module_preset=&#8221;default&#8221; positioning=&#8221;absolute&#8221; position_origin_a=&#8221;top_right&#8221; vertical_offset=&#8221;20px&#8221; horizontal_offset=&#8221;30px&#8221; width=&#8221;130px&#8221; width_tablet=&#8221;130px&#8221; width_phone=&#8221;80px&#8221; width_last_edited=&#8221;on|phone&#8221; max_width=&#8221;130px&#8221; max_width_tablet=&#8221;130px&#8221; max_width_phone=&#8221;80px&#8221; max_width_last_edited=&#8221;on|desktop&#8221; animation_style=&#8221;slide&#8221; animation_direction=&#8221;right&#8221; animation_delay=&#8221;300ms&#8221; saved_tabs=&#8221;all&#8221; global_colors_info=&#8221;{}&#8221;][\/et_pb_image][\/et_pb_column][\/et_pb_row][\/et_pb_section][et_pb_section fb_built=&#8221;1&#8243; _builder_version=&#8221;4.27.4&#8243; _module_preset=&#8221;default&#8221; background_color=&#8221;#FFFFFF&#8221; custom_padding=&#8221;4%|6vw||6vw|false|true&#8221; bottom_divider_color=&#8221;gcid-939ec961-e35a-49a0-8fe6-b17c10e8d88d&#8221; bottom_divider_flip=&#8221;horizontal&#8221; da_disable_devices=&#8221;off|off|off&#8221; locked=&#8221;off&#8221; da_is_popup=&#8221;off&#8221; da_exit_intent=&#8221;off&#8221; da_has_close=&#8221;on&#8221; da_alt_close=&#8221;off&#8221; da_dark_close=&#8221;off&#8221; da_not_modal=&#8221;on&#8221; da_is_singular=&#8221;off&#8221; da_with_loader=&#8221;off&#8221; da_has_shadow=&#8221;on&#8221;][et_pb_row column_structure=&#8221;3_5,2_5&#8243; use_custom_gutter=&#8221;on&#8221; gutter_width=&#8221;3&#8243; make_equal=&#8221;on&#8221; _builder_version=&#8221;4.27.4&#8243; _module_preset=&#8221;default&#8221; custom_padding=&#8221;0px||||false|false&#8221; custom_css_main_element=&#8221;align-items: center;&#8221; global_colors_info=&#8221;{}&#8221;][et_pb_column type=&#8221;3_5&#8243; _builder_version=&#8221;4.27.4&#8243; _module_preset=&#8221;default&#8221; global_colors_info=&#8221;{}&#8221;][et_pb_text _builder_version=&#8221;4.27.4&#8243; _module_preset=&#8221;default&#8221; custom_margin=&#8221;||10px||false|false&#8221; animation_style=&#8221;slide&#8221; animation_direction=&#8221;bottom&#8221; locked=&#8221;off&#8221; global_colors_info=&#8221;{}&#8221;]<\/p>\n<h2 style=\"font-weight: 400;\"><strong>Want a challenge that matches your ambitions?<\/strong><\/h2>\n<p>[\/et_pb_text][et_pb_image src=&#8221;https:\/\/energipole.com\/wp-content\/uploads\/2025\/08\/divider.svg&#8221; title_text=&#8221;divider&#8221; _builder_version=&#8221;4.27.4&#8243; _module_preset=&#8221;default&#8221; z_index=&#8221;20&#8243; width=&#8221;100px&#8221; max_width=&#8221;100px&#8221; min_height=&#8221;17.5px&#8221; custom_margin=&#8221;||||false|false&#8221; animation_style=&#8221;slide&#8221; animation_direction=&#8221;left&#8221; animation_delay=&#8221;200ms&#8221; saved_tabs=&#8221;all&#8221; locked=&#8221;off&#8221; global_colors_info=&#8221;{}&#8221;][\/et_pb_image][\/et_pb_column][et_pb_column type=&#8221;2_5&#8243; _builder_version=&#8221;4.27.4&#8243; _module_preset=&#8221;default&#8221; global_colors_info=&#8221;{}&#8221;][et_pb_button button_url=&#8221;https:\/\/jobs.energipole.com&#8221; url_new_window=&#8221;on&#8221; button_text=&#8221;Discover all our job offers here&#8221; button_alignment=&#8221;left&#8221; _builder_version=&#8221;4.27.5&#8243; _module_preset=&#8221;default&#8221; button_text_size=&#8221;20px&#8221; button_bg_color=&#8221;gcid-secondary-color&#8221; hover_enabled=&#8221;0&#8243; button_text_size_tablet=&#8221;16px&#8221; button_text_size_phone=&#8221;16px&#8221; button_text_size_last_edited=&#8221;on|tablet&#8221; locked=&#8221;off&#8221; global_colors_info=&#8221;{%22gcid-cdfc5e12-aa04-4e46-8d7a-a46e0d249000%22:%91%22button_text_color%22,%22button_text_color%22%93,%22gcid-primary-color%22:%91%22button_bg_color%22,%22button_bg_color__hover%22%93,%22gcid-secondary-color%22:%91%22button_bg_color%22%93,%22gcid-78b907c3-e55e-49c0-b9c8-9a7d5c80c6a7%22:%91%22box_shadow_color%22,%22box_shadow_color%22%93}&#8221; button_bg_color__hover=&#8221;&#8221; button_bg_color__hover_enabled=&#8221;on|desktop&#8221; sticky_enabled=&#8221;0&#8243;][\/et_pb_button][\/et_pb_column][\/et_pb_row][et_pb_row column_structure=&#8221;1_2,1_2&#8243; use_custom_gutter=&#8221;on&#8221; make_equal=&#8221;on&#8221; _builder_version=&#8221;4.27.4&#8243; _module_preset=&#8221;default&#8221; custom_padding=&#8221;||||false|false&#8221; global_colors_info=&#8221;{}&#8221;][et_pb_column type=&#8221;1_2&#8243; _builder_version=&#8221;4.27.4&#8243; _module_preset=&#8221;default&#8221; global_colors_info=&#8221;{}&#8221;][et_pb_text _builder_version=&#8221;4.27.5&#8243; _module_preset=&#8221;default&#8221; text_font_size=&#8221;25px&#8221; hover_enabled=&#8221;0&#8243; locked=&#8221;off&#8221; global_colors_info=&#8221;{}&#8221; sticky_enabled=&#8221;0&#8243;]<\/p>\n<p style=\"font-weight: 400;\"><strong>Join us and build a sustainable future together!<\/strong><\/p>\n<p>[\/et_pb_text][et_pb_text _builder_version=&#8221;4.27.4&#8243; _module_preset=&#8221;default&#8221; global_colors_info=&#8221;{}&#8221;]<\/p>\n<p style=\"font-weight: 400;\">At Energipole, we combine the expertise of a large group with the flexibility and innovation of an agile company. With our various subsidiaries, Energipole Solutions, Energiserv, Energipole Rem\u00e9diation, Ecodec, AER, Energipole Verde, Energipole Esp\u00e9rance, Energipole Recycling and Energipole D\u00e9veloppement Eppeville, we cover a wide range of sectors, while remaining true to our values of proximity, transparency and commitment.<\/p>\n<p style=\"font-weight: 400;\">Our human-scale teams are the driving force behind our success. Each member plays a key role, actively contributing to the collective success and evolution of the group. We foster a culture of collaboration where innovation, initiatives and recognition of talents are at the heart of our operations.<\/p>\n<p>[\/et_pb_text][\/et_pb_column][et_pb_column type=&#8221;1_2&#8243; _builder_version=&#8221;4.27.4&#8243; _module_preset=&#8221;default&#8221; global_colors_info=&#8221;{}&#8221;][et_pb_text _builder_version=&#8221;4.27.4&#8243; _module_preset=&#8221;default&#8221; global_colors_info=&#8221;{}&#8221;]<\/p>\n<p style=\"font-weight: 400;\">Whether you are an industry expert or wish to develop your skills in a dynamic and stimulating environment, Energipole offers you the opportunity to grow with us. By joining one of our teams, you will have the opportunity to take part in ambitious projects within a rapidly expanding group, while enjoying close contact with senior management.<\/p>\n<p>[\/et_pb_text][et_pb_icon font_icon=&#8221;&#xf1d8;||fa||900&#8243; icon_color=&#8221;#FFFFFF&#8221; icon_width=&#8221;25px&#8221; align=&#8221;left&#8221; _builder_version=&#8221;4.27.4&#8243; _module_preset=&#8221;default&#8221; background_color=&#8221;gcid-secondary-color&#8221; custom_margin=&#8221;30px||0px||false|false&#8221; custom_padding=&#8221;20px|20px|20px|20px|true|true&#8221; border_radii=&#8221;on|50px|50px|50px|50px&#8221; global_colors_info=&#8221;{%22gcid-secondary-color%22:%91%22background_color%22%93}&#8221;][\/et_pb_icon][et_pb_text _builder_version=&#8221;4.27.5&#8243; _module_preset=&#8221;default&#8221; custom_margin=&#8221;20px||35px||false|false&#8221; hover_enabled=&#8221;0&#8243; locked=&#8221;off&#8221; global_colors_info=&#8221;{}&#8221; sticky_enabled=&#8221;0&#8243;]<\/p>\n<h3 style=\"font-weight: 400;\"><strong>Ready to take on the challenge?<\/strong><\/h3>\n<div>\n<div><span lang=\"EN-GB\">Let\u2019s build the future together! <\/span><\/div>\n<\/div>\n<p>[\/et_pb_text][et_pb_button button_url=&#8221;https:\/\/jobs.energipole.com&#8221; url_new_window=&#8221;on&#8221; button_text=&#8221;All our job offers are here&#8221; button_alignment=&#8221;left&#8221; _builder_version=&#8221;4.27.5&#8243; _module_preset=&#8221;default&#8221; button_text_size=&#8221;20px&#8221; button_bg_color=&#8221;gcid-secondary-color&#8221; hover_enabled=&#8221;0&#8243; button_text_size_tablet=&#8221;16px&#8221; button_text_size_phone=&#8221;16px&#8221; button_text_size_last_edited=&#8221;on|tablet&#8221; locked=&#8221;off&#8221; global_colors_info=&#8221;{%22gcid-cdfc5e12-aa04-4e46-8d7a-a46e0d249000%22:%91%22button_text_color%22,%22button_text_color%22%93,%22gcid-primary-color%22:%91%22button_bg_color%22,%22button_bg_color__hover%22%93,%22gcid-secondary-color%22:%91%22button_bg_color%22%93,%22gcid-78b907c3-e55e-49c0-b9c8-9a7d5c80c6a7%22:%91%22box_shadow_color%22,%22box_shadow_color%22%93}&#8221; button_bg_color__hover=&#8221;&#8221; button_bg_color__hover_enabled=&#8221;on|desktop&#8221; sticky_enabled=&#8221;0&#8243;][\/et_pb_button][\/et_pb_column][\/et_pb_row][\/et_pb_section]<\/p>\n","protected":false},"excerpt":{"rendered":"<p>A job that makes sense, an impact that lastsWant a challenge that matches your ambitions?Join us and build a sustainable future together!At Energipole, we combine the expertise of a large group with the flexibility and innovation of an agile company. With our various subsidiaries, Energipole Solutions, Energiserv, Energipole Rem\u00e9diation, Ecodec, AER, Energipole Verde, Energipole Esp\u00e9rance, Energipole Recycling and Energipole D\u00e9veloppement Eppeville, we cover a wide range of sectors, while remaining true to our values of proximity, transparency and commitment. Our human-scale teams are the driving force behind our success. Each member plays a key role, actively contributing to the collective success and evolution of the group. We foster a culture of collaboration where innovation, initiatives and recognition of talents are at the heart of our operations.Whether you are an industry expert or wish to develop your skills in a dynamic and stimulating environment, Energipole offers you the opportunity to grow with us. By joining one of our teams, you will have the opportunity to take part in ambitious projects within a rapidly expanding group, while enjoying close contact with senior management.Ready to take on the challenge? Let\u2019s build the future together!<\/p>\n","protected":false},"author":1,"featured_media":0,"parent":0,"menu_order":80,"comment_status":"closed","ping_status":"closed","template":"","meta":{"_et_pb_use_builder":"on","_et_pb_old_content":"","_et_gb_content_width":"","footnotes":""},"class_list":["post-72462","page","type-page","status-publish","hentry"],"yoast_head":"<!-- This site is optimized with the Yoast SEO plugin v27.3 - https:\/\/yoast.com\/product\/yoast-seo-wordpress\/ -->\n<title>Careers | Energipole<\/title>\n<meta name=\"robots\" content=\"index, follow, max-snippet:-1, max-image-preview:large, max-video-preview:-1\" \/>\n<link rel=\"canonical\" href=\"https:\/\/energipole.com\/en\/careers\/\" \/>\n<meta property=\"og:locale\" content=\"en_US\" \/>\n<meta property=\"og:type\" content=\"article\" \/>\n<meta property=\"og:title\" content=\"Careers | Energipole\" \/>\n<meta property=\"og:description\" content=\"A job that makes sense, an impact that lastsWant a challenge that matches your ambitions?Join us and build a sustainable future together!At Energipole, we combine the expertise of a large group with the flexibility and innovation of an agile company. With our various subsidiaries, Energipole Solutions, Energiserv, Energipole Rem\u00e9diation, Ecodec, AER, Energipole Verde, Energipole Esp\u00e9rance, Energipole Recycling and Energipole D\u00e9veloppement Eppeville, we cover a wide range of sectors, while remaining true to our values of proximity, transparency and commitment. Our human-scale teams are the driving force behind our success. Each member plays a key role, actively contributing to the collective success and evolution of the group. We foster a culture of collaboration where innovation, initiatives and recognition of talents are at the heart of our operations.Whether you are an industry expert or wish to develop your skills in a dynamic and stimulating environment, Energipole offers you the opportunity to grow with us. By joining one of our teams, you will have the opportunity to take part in ambitious projects within a rapidly expanding group, while enjoying close contact with senior management.Ready to take on the challenge? Let\u2019s build the future together!\" \/>\n<meta property=\"og:url\" content=\"https:\/\/energipole.com\/en\/careers\/\" \/>\n<meta property=\"og:site_name\" content=\"Energipole\" \/>\n<meta property=\"article:modified_time\" content=\"2026-01-08T13:57:32+00:00\" \/>\n<meta name=\"twitter:card\" content=\"summary_large_image\" \/>\n<meta name=\"twitter:label1\" content=\"Est. reading time\" \/>\n\t<meta name=\"twitter:data1\" content=\"2 minutes\" \/>\n<script type=\"application\/ld+json\" class=\"yoast-schema-graph\">{\"@context\":\"https:\\\/\\\/schema.org\",\"@graph\":[{\"@type\":\"WebPage\",\"@id\":\"https:\\\/\\\/energipole.com\\\/en\\\/careers\\\/\",\"url\":\"https:\\\/\\\/energipole.com\\\/en\\\/careers\\\/\",\"name\":\"Careers | Energipole\",\"isPartOf\":{\"@id\":\"https:\\\/\\\/energipole.com\\\/en\\\/#website\"},\"datePublished\":\"2025-03-05T14:27:26+00:00\",\"dateModified\":\"2026-01-08T13:57:32+00:00\",\"breadcrumb\":{\"@id\":\"https:\\\/\\\/energipole.com\\\/en\\\/careers\\\/#breadcrumb\"},\"inLanguage\":\"en-US\",\"potentialAction\":[{\"@type\":\"ReadAction\",\"target\":[\"https:\\\/\\\/energipole.com\\\/en\\\/careers\\\/\"]}]},{\"@type\":\"BreadcrumbList\",\"@id\":\"https:\\\/\\\/energipole.com\\\/en\\\/careers\\\/#breadcrumb\",\"itemListElement\":[{\"@type\":\"ListItem\",\"position\":1,\"name\":\"Accueil\",\"item\":\"https:\\\/\\\/energipole.com\\\/en\\\/\"},{\"@type\":\"ListItem\",\"position\":2,\"name\":\"Careers\"}]},{\"@type\":\"WebSite\",\"@id\":\"https:\\\/\\\/energipole.com\\\/en\\\/#website\",\"url\":\"https:\\\/\\\/energipole.com\\\/en\\\/\",\"name\":\"Energipole\",\"description\":\"\",\"publisher\":{\"@id\":\"https:\\\/\\\/energipole.com\\\/en\\\/#organization\"},\"potentialAction\":[{\"@type\":\"SearchAction\",\"target\":{\"@type\":\"EntryPoint\",\"urlTemplate\":\"https:\\\/\\\/energipole.com\\\/en\\\/?s={search_term_string}\"},\"query-input\":{\"@type\":\"PropertyValueSpecification\",\"valueRequired\":true,\"valueName\":\"search_term_string\"}}],\"inLanguage\":\"en-US\"},{\"@type\":\"Organization\",\"@id\":\"https:\\\/\\\/energipole.com\\\/en\\\/#organization\",\"name\":\"Energipole\",\"url\":\"https:\\\/\\\/energipole.com\\\/en\\\/\",\"logo\":{\"@type\":\"ImageObject\",\"inLanguage\":\"en-US\",\"@id\":\"https:\\\/\\\/energipole.com\\\/en\\\/#\\\/schema\\\/logo\\\/image\\\/\",\"url\":\"https:\\\/\\\/energipole.com\\\/wp-content\\\/uploads\\\/2025\\\/08\\\/ENERGIPOLE-dark.svg\",\"contentUrl\":\"https:\\\/\\\/energipole.com\\\/wp-content\\\/uploads\\\/2025\\\/08\\\/ENERGIPOLE-dark.svg\",\"width\":1,\"height\":1,\"caption\":\"Energipole\"},\"image\":{\"@id\":\"https:\\\/\\\/energipole.com\\\/en\\\/#\\\/schema\\\/logo\\\/image\\\/\"},\"sameAs\":[\"https:\\\/\\\/be.linkedin.com\\\/company\\\/energipole\"]}]}<\/script>\n<!-- \/ Yoast SEO plugin. -->","yoast_head_json":{"title":"Careers | Energipole","robots":{"index":"index","follow":"follow","max-snippet":"max-snippet:-1","max-image-preview":"max-image-preview:large","max-video-preview":"max-video-preview:-1"},"canonical":"https:\/\/energipole.com\/en\/careers\/","og_locale":"en_US","og_type":"article","og_title":"Careers | Energipole","og_description":"A job that makes sense, an impact that lastsWant a challenge that matches your ambitions?Join us and build a sustainable future together!At Energipole, we combine the expertise of a large group with the flexibility and innovation of an agile company. With our various subsidiaries, Energipole Solutions, Energiserv, Energipole Rem\u00e9diation, Ecodec, AER, Energipole Verde, Energipole Esp\u00e9rance, Energipole Recycling and Energipole D\u00e9veloppement Eppeville, we cover a wide range of sectors, while remaining true to our values of proximity, transparency and commitment. Our human-scale teams are the driving force behind our success. Each member plays a key role, actively contributing to the collective success and evolution of the group. We foster a culture of collaboration where innovation, initiatives and recognition of talents are at the heart of our operations.Whether you are an industry expert or wish to develop your skills in a dynamic and stimulating environment, Energipole offers you the opportunity to grow with us. By joining one of our teams, you will have the opportunity to take part in ambitious projects within a rapidly expanding group, while enjoying close contact with senior management.Ready to take on the challenge? Let\u2019s build the future together!","og_url":"https:\/\/energipole.com\/en\/careers\/","og_site_name":"Energipole","article_modified_time":"2026-01-08T13:57:32+00:00","twitter_card":"summary_large_image","twitter_misc":{"Est. reading time":"2 minutes"},"schema":{"@context":"https:\/\/schema.org","@graph":[{"@type":"WebPage","@id":"https:\/\/energipole.com\/en\/careers\/","url":"https:\/\/energipole.com\/en\/careers\/","name":"Careers | Energipole","isPartOf":{"@id":"https:\/\/energipole.com\/en\/#website"},"datePublished":"2025-03-05T14:27:26+00:00","dateModified":"2026-01-08T13:57:32+00:00","breadcrumb":{"@id":"https:\/\/energipole.com\/en\/careers\/#breadcrumb"},"inLanguage":"en-US","potentialAction":[{"@type":"ReadAction","target":["https:\/\/energipole.com\/en\/careers\/"]}]},{"@type":"BreadcrumbList","@id":"https:\/\/energipole.com\/en\/careers\/#breadcrumb","itemListElement":[{"@type":"ListItem","position":1,"name":"Accueil","item":"https:\/\/energipole.com\/en\/"},{"@type":"ListItem","position":2,"name":"Careers"}]},{"@type":"WebSite","@id":"https:\/\/energipole.com\/en\/#website","url":"https:\/\/energipole.com\/en\/","name":"Energipole","description":"","publisher":{"@id":"https:\/\/energipole.com\/en\/#organization"},"potentialAction":[{"@type":"SearchAction","target":{"@type":"EntryPoint","urlTemplate":"https:\/\/energipole.com\/en\/?s={search_term_string}"},"query-input":{"@type":"PropertyValueSpecification","valueRequired":true,"valueName":"search_term_string"}}],"inLanguage":"en-US"},{"@type":"Organization","@id":"https:\/\/energipole.com\/en\/#organization","name":"Energipole","url":"https:\/\/energipole.com\/en\/","logo":{"@type":"ImageObject","inLanguage":"en-US","@id":"https:\/\/energipole.com\/en\/#\/schema\/logo\/image\/","url":"https:\/\/energipole.com\/wp-content\/uploads\/2025\/08\/ENERGIPOLE-dark.svg","contentUrl":"https:\/\/energipole.com\/wp-content\/uploads\/2025\/08\/ENERGIPOLE-dark.svg","width":1,"height":1,"caption":"Energipole"},"image":{"@id":"https:\/\/energipole.com\/en\/#\/schema\/logo\/image\/"},"sameAs":["https:\/\/be.linkedin.com\/company\/energipole"]}]}},"_links":{"self":[{"href":"https:\/\/energipole.com\/en\/wp-json\/wp\/v2\/pages\/72462","targetHints":{"allow":["GET"]}}],"collection":[{"href":"https:\/\/energipole.com\/en\/wp-json\/wp\/v2\/pages"}],"about":[{"href":"https:\/\/energipole.com\/en\/wp-json\/wp\/v2\/types\/page"}],"author":[{"embeddable":true,"href":"https:\/\/energipole.com\/en\/wp-json\/wp\/v2\/users\/1"}],"replies":[{"embeddable":true,"href":"https:\/\/energipole.com\/en\/wp-json\/wp\/v2\/comments?post=72462"}],"version-history":[{"count":4,"href":"https:\/\/energipole.com\/en\/wp-json\/wp\/v2\/pages\/72462\/revisions"}],"predecessor-version":[{"id":73030,"href":"https:\/\/energipole.com\/en\/wp-json\/wp\/v2\/pages\/72462\/revisions\/73030"}],"wp:attachment":[{"href":"https:\/\/energipole.com\/en\/wp-json\/wp\/v2\/media?parent=72462"}],"curies":[{"name":"wp","href":"https:\/\/api.w.org\/{rel}","templated":true}]}}