{"id":72472,"date":"2022-08-19T14:10:33","date_gmt":"2022-08-19T12:10:33","guid":{"rendered":"https:\/\/energipole.com\/mentions-legales\/"},"modified":"2025-12-11T15:37:36","modified_gmt":"2025-12-11T14:37:36","slug":"legal-notice","status":"publish","type":"page","link":"https:\/\/energipole.com\/en\/legal-notice\/","title":{"rendered":"Legal notice"},"content":{"rendered":"<p>[et_pb_section fb_built=&#8221;1&#8243; _builder_version=&#8221;4.27.4&#8243; _module_preset=&#8221;default&#8221; da_disable_devices=&#8221;off|off|off&#8221; da_is_popup=&#8221;off&#8221; da_exit_intent=&#8221;off&#8221; da_has_close=&#8221;on&#8221; da_alt_close=&#8221;off&#8221; da_dark_close=&#8221;off&#8221; da_not_modal=&#8221;on&#8221; da_is_singular=&#8221;off&#8221; da_with_loader=&#8221;off&#8221; da_has_shadow=&#8221;on&#8221;][et_pb_row _builder_version=&#8221;4.27.4&#8243; _module_preset=&#8221;default&#8221; global_colors_info=&#8221;{}&#8221;][et_pb_column type=&#8221;4_4&#8243; _builder_version=&#8221;4.27.4&#8243; _module_preset=&#8221;default&#8221; global_colors_info=&#8221;{}&#8221;][et_pb_text _builder_version=&#8221;4.27.4&#8243; _module_preset=&#8221;default&#8221; global_colors_info=&#8221;{}&#8221;]<\/p>\n<h1>Legal notices<\/h1>\n<h2><\/h2>\n<h2>Who are we?<\/h2>\n<p>&nbsp;<\/p>\n<p>Energipole<\/p>\n<p>Your expert in waste recovery, depollution, renewable energy, industrial services, and real estate.<\/p>\n<p>&nbsp;<\/p>\n<p><b>Mission<\/b><\/p>\n<p>Waste valorization. Depollution.<\/p>\n<p>&nbsp;<\/p>\n<p><b>Contact<\/b><\/p>\n<ol>\n<li>Energipole Finances SA<\/li>\n<\/ol>\n<p><span>Registered office: <\/span>38 avenue des Klauwaerts, 1050 Bruxelles<\/p>\n<p>RPM Bruxelles 0464.699.977<\/p>\n<p>TVA BE <a href=\"https:\/\/www.ejustice.just.fgov.be\/cgi_tsv\/article.pl?language=fr&amp;btw_search=464699977&amp;page=1&amp;la_search=f&amp;caller=list&amp;=0&amp;view_numac=&amp;naam=energipole+finances\">464.699.977<\/a><\/p>\n<p>Phone: +32 2 643 01 90<\/p>\n<p>&nbsp;<\/p>\n<ol start=\"2\">\n<li>Energipole Environnement SA<\/li>\n<\/ol>\n<p><span>Registered office:<\/span>\u00a038 avenue des Klauwaerts, 1050 Bruxelles<\/p>\n<p>RPM Bruxelles 0808.735.223<\/p>\n<p>TVA BE 808.735.223<\/p>\n<p>Phone: +32 2 643 01 90<\/p>\n<p>&nbsp;<\/p>\n<div><span>Branch in France:<\/span>\u00a011 rue de T\u00e9h\u00e9ran, 75008 Paris<\/div>\n<p>Immatriculation RCS Paris\u00a0: 981 983 158<\/p>\n<p>&nbsp;<\/p>\n<ol start=\"3\">\n<li>Energisource SRL<\/li>\n<\/ol>\n<p><span>Registered office:<\/span> 38 avenue des Klauwaerts, 1050 Bruxelles<\/p>\n<p>RPM Bruxelles 0<a href=\"https:\/\/www.ejustice.just.fgov.be\/cgi_tsv\/article.pl?language=fr&amp;btw_search=739564622&amp;page=1&amp;la_search=f&amp;caller=list&amp;=0&amp;view_numac=&amp;naam=energisource\">739.564.622<\/a><\/p>\n<p>VAT BE <a href=\"https:\/\/www.ejustice.just.fgov.be\/cgi_tsv\/article.pl?language=fr&amp;btw_search=739564622&amp;page=1&amp;la_search=f&amp;caller=list&amp;=0&amp;view_numac=&amp;naam=energisource\">739.564.622<\/a><\/p>\n<p>Phone: +32 2 643 01 90<\/p>\n<p>&nbsp;<\/p>\n<ol start=\"4\">\n<li>Energisource France SAS, share capital \u20ac200,000<span><\/span><\/li>\n<\/ol>\n<p><span>Registered office:<\/span>\u00a089 Rue d&#8217;Albi 59146 Pecquencourt<\/p>\n<p>RCS Douai 889 501 441<\/p>\n<p>Phone:\u00a0+33 (0) 3.20.08.16.80<\/p>\n<p>&nbsp;<\/p>\n<div>\n<p style=\"font-weight: 400;\">Secondary establishments: 85 B Rue du Mar\u00e9chal Leclerc 80400 Eppeville<\/p>\n<\/div>\n<p>&nbsp;<\/p>\n<ol start=\"5\">\n<li>Verdipole SAS, share capital \u20ac1.000,000<\/li>\n<\/ol>\n<div><span>Registered office:<\/span> 89 Rue d&#8217;Albi 59146 Pecquencourt<\/div>\n<p>RCS Douai 518 532 601<\/p>\n<p>Phone:\u00a0+33 (0) 3.20.08.16.80<\/p>\n<p>&nbsp;<\/p>\n<p style=\"font-weight: 400;\">Secondary establishments:<\/p>\n<p>Zone Portuaire 1\u00e8re avenue 59211 Santes<\/p>\n<p>85 B Rue du Mar\u00e9chal Leclerc 80400 Eppeville<\/p>\n<p>&nbsp;<\/p>\n<ol start=\"6\">\n<li>Energipole D\u00e9construction SAS, share capital \u20ac10,000<\/li>\n<\/ol>\n<p><span>Registered office:<\/span> 89 Rue d&#8217;Albi 59146 Pecquencourt<\/p>\n<p>RCS Douai 304 604 762<\/p>\n<p>Phone:\u00a0+33 (0) 3.20.08.16.80<\/p>\n<p>&nbsp;<\/p>\n<ol start=\"7\">\n<li>Energipole D\u00e9veloppement Eppeville SAS, share capital \u00a0\u20ac1,000,000<\/li>\n<\/ol>\n<p><span>Registered office:<\/span> 85 B Rue du Mar\u00e9chal Leclerc 80400 Eppeville<\/p>\n<p>RCS Amiens 951 674 696<\/p>\n<p>&nbsp;<\/p>\n<ol start=\"8\">\n<li>Energipole Antilles SAS, share capital \u20ac237,560<\/li>\n<\/ol>\n<p><span>Registered office:<\/span> Parc d&#8217;activit\u00e9s de Jabrun Lotissement n. 10 97122 Baie-Mahault, Guadeloupe<\/p>\n<p>RCS Pointe \u00e0 Pitre 433 813 862<\/p>\n<p>Phone:\u00a0+ 590 590 57 10 60<\/p>\n<p>&nbsp;<\/p>\n<ol start=\"9\">\n<li>ANTILLES ENVIRONNEMENT RECYCLAGE (AER) SAS, share capital \u20ac437,500<\/li>\n<\/ol>\n<p><span>Registered office:<\/span> Zone Industrielle Jaula 97129 Lamentin, Guadeloupe<\/p>\n<p>RCS Pointe \u00e0 Pitre 402 260 699<\/p>\n<p>Phone: + 590 590 57 10 60<\/p>\n<p>&nbsp;<\/p>\n<ol start=\"10\">\n<li>ECODEC SAS, share capital \u20ac500,000<\/li>\n<\/ol>\n<p><span>Registered office: <\/span>CET La Gabarre Grand Camp 97139 Les Abymes, Guadeloupe<\/p>\n<p>RCS Pointe \u00e0 Pitre 435 236 773<\/p>\n<p>Phone:\u00a0+ 590 590 57 10 60<\/p>\n<p>&nbsp;<\/p>\n<ol start=\"11\">\n<li>Energipole Cara\u00efbes SAS, share capital \u20ac200,000<\/li>\n<\/ol>\n<p><span>Registered office:<\/span>\u00a0Parc d&#8217;activit\u00e9s de Jabrun Lotissement n. 10 97122 Baie-Mahault, Guadeloupe<\/p>\n<p>RCS Pointe \u00e0 Pitre 499 013 563<\/p>\n<p>Phone:\u00a0+ 590 590 57 10 60<\/p>\n<p>&nbsp;<\/p>\n<ol start=\"12\">\n<li>Albioma Energipole Solaire SAS, share capital \u20ac1,263,600<\/li>\n<\/ol>\n<p><span>Registered office:<\/span>\u00a032 Rue Ferdinant Forest, Immeuble Challenger 2,<\/p>\n<p>Zone Industrielle Jarry, 97122 Baie-Mahault, Guadeloupe<\/p>\n<p>RCS Pointe \u00e0 Pitre 508 053 386<\/p>\n<p>Phone:\u00a0+ 590 590 57 10 60<\/p>\n<p>&nbsp;<\/p>\n<ol start=\"13\">\n<li>Energipole Esp\u00e9rance SAS, share capital \u20ac500,000<\/li>\n<\/ol>\n<p><span>Registered office:<\/span>\u00a0Lieu-dit l&#8217;Esp\u00e9rance 97115 Sainte-Rose, Guadeloupe<\/p>\n<p>RCS Pointe \u00e0 Pitre 492 521 398<\/p>\n<p>Phone:\u00a0+ 590 590 57 10 60<\/p>\n<p>&nbsp;<\/p>\n<ol start=\"14\">\n<li>Energipole Verde SAS, share capital \u20ac300,000<\/li>\n<\/ol>\n<p><span>Registered office:<\/span>\u00a0Rue Brissac Gardel 97160 Le Moule, Guadeloupe<\/p>\n<p>RCS Pointe \u00e0 Pitre 508 904 729<\/p>\n<p>Phone:\u00a0+ 590 590 57 10 60<\/p>\n<p>&nbsp;<\/p>\n<ol start=\"15\">\n<li>Energipole Solutions SAS, share capital \u20ac600,000<\/li>\n<\/ol>\n<p><span>Registered office:<\/span>\u00a011 rue de T\u00e9h\u00e9ran, 75008 Paris<\/p>\n<p>RCS Paris 845 191 089<\/p>\n<p>Phone: +33 (1) 44 07 96 02<\/p>\n<p>&nbsp;<\/p>\n<ol start=\"16\">\n<li>Enerwayste SAS, share capital \u20ac2,900,000<\/li>\n<\/ol>\n<p><span>Registered office:<\/span>\u00a011 rue de T\u00e9h\u00e9ran, 75008 Paris<\/p>\n<p>RCS Paris 829 067 271<\/p>\n<p>Phone:\u00a0+33 (1) 44 07 96 02<\/p>\n<p>&nbsp;<\/p>\n<p><span style=\"font-size: 20px;\">17. Energipole Services SAS, share capital \u20ac4,039,875<\/span><\/p>\n<p><span>Registered office:<\/span> Administrative service, 1st floor, Port de Mondelange, 57300 Mondelange<\/p>\n<p>RCS Thionville 575 750 732<\/p>\n<p>Phone:\u00a0+352 661 389 078<\/p>\n<p>&nbsp;<\/p>\n<p><span style=\"font-size: 20px;\">18. Energiserv Mondelange SAS, share capital \u20ac1,250,275<\/span><\/p>\n<p><span>Registered office:<\/span> administrative service, 1st Floor, Port de Mondelange, 57300 Mondelange<\/p>\n<p>RCS Thionville 908 508 781<\/p>\n<p>Phone:\u00a0+352 661 389 078<\/p>\n<p>&nbsp;<\/p>\n<p style=\"font-weight: 400;\">Secondary establishments:<\/p>\n<p>Soissonnais quarry :\u00a0 D172 &#8211; Turn at the hangar between Chaudun and Vierzy, 02210 Vierzy<\/p>\n<p>Energiserv Gepor : Private port of Thionville-Illange, 57190 Illange<\/p>\n<p>Identification number : 306 551 045<\/p>\n<p>&nbsp;<\/p>\n<p><span style=\"font-size: 20px;\">19. Energiserv Belval SARL<\/span><\/p>\n<p><span>Registered office:<\/span>\u00a014, Porte de France, L-4360 Esch-Sur-Alzette<\/p>\n<p>R.C.S. Luxembourg B 233 219<\/p>\n<p>Phone:\u00a0+352 661 389 078<\/p>\n<p>&nbsp;<\/p>\n<p><span style=\"font-size: 20px;\">20. Ojirel SAS, share capital \u20ac1,014,900<\/span><\/p>\n<p><span>Registered office:<\/span>\u00a04, avenue Georges Mandel, 75116 Paris<\/p>\n<p>RCS Paris 409 014 693<\/p>\n<p>&nbsp;<\/p>\n<p>Energipole is committed to complying with the legislation in force in Belgium and Europe and makes every effort to prevent any unauthorized or illegal use of your personal data. To this end, we employ appropriate procedures and systems to ensure that only authorized individuals can access your information. Furthermore, we remind you that these individuals are bound by a duty of confidentiality in the course of their duties.<\/p>\n<p>[\/et_pb_text][\/et_pb_column][\/et_pb_row][\/et_pb_section]<\/p>\n","protected":false},"excerpt":{"rendered":"<p>Legal notices Who are we? &nbsp; Energipole Your expert in waste recovery, depollution, renewable energy, industrial services, and real estate. &nbsp; Mission Waste valorization. Depollution. &nbsp; Contact Energipole Finances SA Registered office: 38 avenue des Klauwaerts, 1050 Bruxelles RPM Bruxelles 0464.699.977 TVA BE 464.699.977 Phone: +32 2 643 01 90 &nbsp; Energipole Environnement SA Registered office:\u00a038 avenue des Klauwaerts, 1050 Bruxelles RPM Bruxelles 0808.735.223 TVA BE 808.735.223 Phone: +32 2 643 01 90 &nbsp; Branch in France:\u00a011 rue de T\u00e9h\u00e9ran, 75008 Paris Immatriculation RCS Paris\u00a0: 981 983 158 &nbsp; Energisource SRL Registered office: 38 avenue des Klauwaerts, 1050 Bruxelles RPM Bruxelles 0739.564.622 VAT BE 739.564.622 Phone: +32 2 643 01 90 &nbsp; Energisource France SAS, share capital \u20ac200,000 Registered office:\u00a089 Rue d&#8217;Albi 59146 Pecquencourt RCS Douai 889 501 441 Phone:\u00a0+33 (0) 3.20.08.16.80 &nbsp; Secondary establishments: 85 B Rue du Mar\u00e9chal Leclerc 80400 Eppeville &nbsp; Verdipole SAS, share capital \u20ac1.000,000 Registered office: 89 Rue d&#8217;Albi 59146 Pecquencourt RCS Douai 518 532 601 Phone:\u00a0+33 (0) 3.20.08.16.80 &nbsp; Secondary establishments: Zone Portuaire 1\u00e8re avenue 59211 Santes 85 B Rue du Mar\u00e9chal Leclerc 80400 Eppeville &nbsp; Energipole D\u00e9construction SAS, share capital \u20ac10,000 Registered office: 89 Rue d&#8217;Albi 59146 Pecquencourt RCS Douai 304 604 762 [&hellip;]<\/p>\n","protected":false},"author":1,"featured_media":0,"parent":0,"menu_order":1000,"comment_status":"closed","ping_status":"closed","template":"","meta":{"_et_pb_use_builder":"on","_et_pb_old_content":"","_et_gb_content_width":"","footnotes":""},"class_list":["post-72472","page","type-page","status-publish","hentry"],"yoast_head":"<!-- This site is optimized with the Yoast SEO plugin v27.4 - https:\/\/yoast.com\/product\/yoast-seo-wordpress\/ -->\n<title>Legal notice | Energipole<\/title>\n<meta name=\"robots\" content=\"index, follow, max-snippet:-1, max-image-preview:large, max-video-preview:-1\" \/>\n<link rel=\"canonical\" href=\"https:\/\/energipole.com\/en\/legal-notice\/\" \/>\n<meta property=\"og:locale\" content=\"en_US\" \/>\n<meta property=\"og:type\" content=\"article\" \/>\n<meta property=\"og:title\" content=\"Legal notice | Energipole\" \/>\n<meta property=\"og:description\" content=\"Legal notices Who are we? &nbsp; Energipole Your expert in waste recovery, depollution, renewable energy, industrial services, and real estate. &nbsp; Mission Waste valorization. Depollution. &nbsp; Contact Energipole Finances SA Registered office: 38 avenue des Klauwaerts, 1050 Bruxelles RPM Bruxelles 0464.699.977 TVA BE 464.699.977 Phone: +32 2 643 01 90 &nbsp; Energipole Environnement SA Registered office:\u00a038 avenue des Klauwaerts, 1050 Bruxelles RPM Bruxelles 0808.735.223 TVA BE 808.735.223 Phone: +32 2 643 01 90 &nbsp; Branch in France:\u00a011 rue de T\u00e9h\u00e9ran, 75008 Paris Immatriculation RCS Paris\u00a0: 981 983 158 &nbsp; Energisource SRL Registered office: 38 avenue des Klauwaerts, 1050 Bruxelles RPM Bruxelles 0739.564.622 VAT BE 739.564.622 Phone: +32 2 643 01 90 &nbsp; Energisource France SAS, share capital \u20ac200,000 Registered office:\u00a089 Rue d&#039;Albi 59146 Pecquencourt RCS Douai 889 501 441 Phone:\u00a0+33 (0) 3.20.08.16.80 &nbsp; Secondary establishments: 85 B Rue du Mar\u00e9chal Leclerc 80400 Eppeville &nbsp; Verdipole SAS, share capital \u20ac1.000,000 Registered office: 89 Rue d&#039;Albi 59146 Pecquencourt RCS Douai 518 532 601 Phone:\u00a0+33 (0) 3.20.08.16.80 &nbsp; Secondary establishments: Zone Portuaire 1\u00e8re avenue 59211 Santes 85 B Rue du Mar\u00e9chal Leclerc 80400 Eppeville &nbsp; Energipole D\u00e9construction SAS, share capital \u20ac10,000 Registered office: 89 Rue d&#039;Albi 59146 Pecquencourt RCS Douai 304 604 762 [&hellip;]\" \/>\n<meta property=\"og:url\" content=\"https:\/\/energipole.com\/en\/legal-notice\/\" \/>\n<meta property=\"og:site_name\" content=\"Energipole\" \/>\n<meta property=\"article:modified_time\" content=\"2025-12-11T14:37:36+00:00\" \/>\n<meta name=\"twitter:card\" content=\"summary_large_image\" \/>\n<meta name=\"twitter:label1\" content=\"Est. reading time\" \/>\n\t<meta name=\"twitter:data1\" content=\"4 minutes\" \/>\n<script type=\"application\/ld+json\" class=\"yoast-schema-graph\">{\"@context\":\"https:\\\/\\\/schema.org\",\"@graph\":[{\"@type\":\"WebPage\",\"@id\":\"https:\\\/\\\/energipole.com\\\/en\\\/legal-notice\\\/\",\"url\":\"https:\\\/\\\/energipole.com\\\/en\\\/legal-notice\\\/\",\"name\":\"Legal notice | Energipole\",\"isPartOf\":{\"@id\":\"https:\\\/\\\/energipole.com\\\/en\\\/#website\"},\"datePublished\":\"2022-08-19T12:10:33+00:00\",\"dateModified\":\"2025-12-11T14:37:36+00:00\",\"breadcrumb\":{\"@id\":\"https:\\\/\\\/energipole.com\\\/en\\\/legal-notice\\\/#breadcrumb\"},\"inLanguage\":\"en-US\",\"potentialAction\":[{\"@type\":\"ReadAction\",\"target\":[\"https:\\\/\\\/energipole.com\\\/en\\\/legal-notice\\\/\"]}]},{\"@type\":\"BreadcrumbList\",\"@id\":\"https:\\\/\\\/energipole.com\\\/en\\\/legal-notice\\\/#breadcrumb\",\"itemListElement\":[{\"@type\":\"ListItem\",\"position\":1,\"name\":\"Accueil\",\"item\":\"https:\\\/\\\/energipole.com\\\/en\\\/\"},{\"@type\":\"ListItem\",\"position\":2,\"name\":\"Legal notice\"}]},{\"@type\":\"WebSite\",\"@id\":\"https:\\\/\\\/energipole.com\\\/en\\\/#website\",\"url\":\"https:\\\/\\\/energipole.com\\\/en\\\/\",\"name\":\"Energipole\",\"description\":\"\",\"publisher\":{\"@id\":\"https:\\\/\\\/energipole.com\\\/en\\\/#organization\"},\"potentialAction\":[{\"@type\":\"SearchAction\",\"target\":{\"@type\":\"EntryPoint\",\"urlTemplate\":\"https:\\\/\\\/energipole.com\\\/en\\\/?s={search_term_string}\"},\"query-input\":{\"@type\":\"PropertyValueSpecification\",\"valueRequired\":true,\"valueName\":\"search_term_string\"}}],\"inLanguage\":\"en-US\"},{\"@type\":\"Organization\",\"@id\":\"https:\\\/\\\/energipole.com\\\/en\\\/#organization\",\"name\":\"Energipole\",\"url\":\"https:\\\/\\\/energipole.com\\\/en\\\/\",\"logo\":{\"@type\":\"ImageObject\",\"inLanguage\":\"en-US\",\"@id\":\"https:\\\/\\\/energipole.com\\\/en\\\/#\\\/schema\\\/logo\\\/image\\\/\",\"url\":\"https:\\\/\\\/energipole.com\\\/wp-content\\\/uploads\\\/2025\\\/08\\\/ENERGIPOLE-dark.svg\",\"contentUrl\":\"https:\\\/\\\/energipole.com\\\/wp-content\\\/uploads\\\/2025\\\/08\\\/ENERGIPOLE-dark.svg\",\"width\":1,\"height\":1,\"caption\":\"Energipole\"},\"image\":{\"@id\":\"https:\\\/\\\/energipole.com\\\/en\\\/#\\\/schema\\\/logo\\\/image\\\/\"},\"sameAs\":[\"https:\\\/\\\/be.linkedin.com\\\/company\\\/energipole\"]}]}<\/script>\n<!-- \/ Yoast SEO plugin. -->","yoast_head_json":{"title":"Legal notice | Energipole","robots":{"index":"index","follow":"follow","max-snippet":"max-snippet:-1","max-image-preview":"max-image-preview:large","max-video-preview":"max-video-preview:-1"},"canonical":"https:\/\/energipole.com\/en\/legal-notice\/","og_locale":"en_US","og_type":"article","og_title":"Legal notice | Energipole","og_description":"Legal notices Who are we? &nbsp; Energipole Your expert in waste recovery, depollution, renewable energy, industrial services, and real estate. &nbsp; Mission Waste valorization. Depollution. &nbsp; Contact Energipole Finances SA Registered office: 38 avenue des Klauwaerts, 1050 Bruxelles RPM Bruxelles 0464.699.977 TVA BE 464.699.977 Phone: +32 2 643 01 90 &nbsp; Energipole Environnement SA Registered office:\u00a038 avenue des Klauwaerts, 1050 Bruxelles RPM Bruxelles 0808.735.223 TVA BE 808.735.223 Phone: +32 2 643 01 90 &nbsp; Branch in France:\u00a011 rue de T\u00e9h\u00e9ran, 75008 Paris Immatriculation RCS Paris\u00a0: 981 983 158 &nbsp; Energisource SRL Registered office: 38 avenue des Klauwaerts, 1050 Bruxelles RPM Bruxelles 0739.564.622 VAT BE 739.564.622 Phone: +32 2 643 01 90 &nbsp; Energisource France SAS, share capital \u20ac200,000 Registered office:\u00a089 Rue d'Albi 59146 Pecquencourt RCS Douai 889 501 441 Phone:\u00a0+33 (0) 3.20.08.16.80 &nbsp; Secondary establishments: 85 B Rue du Mar\u00e9chal Leclerc 80400 Eppeville &nbsp; Verdipole SAS, share capital \u20ac1.000,000 Registered office: 89 Rue d'Albi 59146 Pecquencourt RCS Douai 518 532 601 Phone:\u00a0+33 (0) 3.20.08.16.80 &nbsp; Secondary establishments: Zone Portuaire 1\u00e8re avenue 59211 Santes 85 B Rue du Mar\u00e9chal Leclerc 80400 Eppeville &nbsp; Energipole D\u00e9construction SAS, share capital \u20ac10,000 Registered office: 89 Rue d'Albi 59146 Pecquencourt RCS Douai 304 604 762 [&hellip;]","og_url":"https:\/\/energipole.com\/en\/legal-notice\/","og_site_name":"Energipole","article_modified_time":"2025-12-11T14:37:36+00:00","twitter_card":"summary_large_image","twitter_misc":{"Est. reading time":"4 minutes"},"schema":{"@context":"https:\/\/schema.org","@graph":[{"@type":"WebPage","@id":"https:\/\/energipole.com\/en\/legal-notice\/","url":"https:\/\/energipole.com\/en\/legal-notice\/","name":"Legal notice | Energipole","isPartOf":{"@id":"https:\/\/energipole.com\/en\/#website"},"datePublished":"2022-08-19T12:10:33+00:00","dateModified":"2025-12-11T14:37:36+00:00","breadcrumb":{"@id":"https:\/\/energipole.com\/en\/legal-notice\/#breadcrumb"},"inLanguage":"en-US","potentialAction":[{"@type":"ReadAction","target":["https:\/\/energipole.com\/en\/legal-notice\/"]}]},{"@type":"BreadcrumbList","@id":"https:\/\/energipole.com\/en\/legal-notice\/#breadcrumb","itemListElement":[{"@type":"ListItem","position":1,"name":"Accueil","item":"https:\/\/energipole.com\/en\/"},{"@type":"ListItem","position":2,"name":"Legal notice"}]},{"@type":"WebSite","@id":"https:\/\/energipole.com\/en\/#website","url":"https:\/\/energipole.com\/en\/","name":"Energipole","description":"","publisher":{"@id":"https:\/\/energipole.com\/en\/#organization"},"potentialAction":[{"@type":"SearchAction","target":{"@type":"EntryPoint","urlTemplate":"https:\/\/energipole.com\/en\/?s={search_term_string}"},"query-input":{"@type":"PropertyValueSpecification","valueRequired":true,"valueName":"search_term_string"}}],"inLanguage":"en-US"},{"@type":"Organization","@id":"https:\/\/energipole.com\/en\/#organization","name":"Energipole","url":"https:\/\/energipole.com\/en\/","logo":{"@type":"ImageObject","inLanguage":"en-US","@id":"https:\/\/energipole.com\/en\/#\/schema\/logo\/image\/","url":"https:\/\/energipole.com\/wp-content\/uploads\/2025\/08\/ENERGIPOLE-dark.svg","contentUrl":"https:\/\/energipole.com\/wp-content\/uploads\/2025\/08\/ENERGIPOLE-dark.svg","width":1,"height":1,"caption":"Energipole"},"image":{"@id":"https:\/\/energipole.com\/en\/#\/schema\/logo\/image\/"},"sameAs":["https:\/\/be.linkedin.com\/company\/energipole"]}]}},"_links":{"self":[{"href":"https:\/\/energipole.com\/en\/wp-json\/wp\/v2\/pages\/72472","targetHints":{"allow":["GET"]}}],"collection":[{"href":"https:\/\/energipole.com\/en\/wp-json\/wp\/v2\/pages"}],"about":[{"href":"https:\/\/energipole.com\/en\/wp-json\/wp\/v2\/types\/page"}],"author":[{"embeddable":true,"href":"https:\/\/energipole.com\/en\/wp-json\/wp\/v2\/users\/1"}],"replies":[{"embeddable":true,"href":"https:\/\/energipole.com\/en\/wp-json\/wp\/v2\/comments?post=72472"}],"version-history":[{"count":8,"href":"https:\/\/energipole.com\/en\/wp-json\/wp\/v2\/pages\/72472\/revisions"}],"predecessor-version":[{"id":72948,"href":"https:\/\/energipole.com\/en\/wp-json\/wp\/v2\/pages\/72472\/revisions\/72948"}],"wp:attachment":[{"href":"https:\/\/energipole.com\/en\/wp-json\/wp\/v2\/media?parent=72472"}],"curies":[{"name":"wp","href":"https:\/\/api.w.org\/{rel}","templated":true}]}}