{"id":72615,"date":"2022-04-26T15:56:47","date_gmt":"2022-04-26T13:56:47","guid":{"rendered":"https:\/\/energipole.com\/confirmation\/"},"modified":"2025-11-18T16:36:22","modified_gmt":"2025-11-18T15:36:22","slug":"confirmation","status":"publish","type":"page","link":"https:\/\/energipole.com\/en\/confirmation\/","title":{"rendered":"Confirmation"},"content":{"rendered":"<p>[et_pb_section fb_built=&#8221;1&#8243; admin_label=&#8221;section&#8221; _builder_version=&#8221;4.16&#8243; custom_padding=&#8221;90px||90px||true|&#8221; da_disable_devices=&#8221;off|off|off&#8221; global_colors_info=&#8221;{}&#8221; da_is_popup=&#8221;off&#8221; da_exit_intent=&#8221;off&#8221; da_has_close=&#8221;on&#8221; da_alt_close=&#8221;off&#8221; da_dark_close=&#8221;off&#8221; da_not_modal=&#8221;on&#8221; da_is_singular=&#8221;off&#8221; da_with_loader=&#8221;off&#8221; da_has_shadow=&#8221;on&#8221;][et_pb_row admin_label=&#8221;row&#8221; _builder_version=&#8221;4.16&#8243; background_size=&#8221;initial&#8221; background_position=&#8221;top_left&#8221; background_repeat=&#8221;repeat&#8221; global_colors_info=&#8221;{}&#8221;][et_pb_column type=&#8221;4_4&#8243; _builder_version=&#8221;4.16&#8243; custom_padding=&#8221;|||&#8221; global_colors_info=&#8221;{}&#8221; custom_padding__hover=&#8221;|||&#8221;][et_pb_text admin_label=&#8221;Text&#8221; _builder_version=&#8221;4.19.4&#8243; background_size=&#8221;initial&#8221; background_position=&#8221;top_left&#8221; background_repeat=&#8221;repeat&#8221; custom_margin=&#8221;||68px|||&#8221; global_colors_info=&#8221;{}&#8221;]<\/p>\n<h1 style=\"text-align: center;\">Thank you for your request!<\/h1>\n<p style=\"text-align: center;\">It has been successfully sent. We are processing it and will get back to you shortly.<\/p>\n<p>[\/et_pb_text][et_pb_button button_url=&#8221;@ET-DC@eyJkeW5hbWljIjp0cnVlLCJjb250ZW50IjoiaG9tZV91cmwiLCJzZXR0aW5ncyI6e319@&#8221; button_text=&#8221;Back to the homepage&#8221; button_alignment=&#8221;center&#8221; _builder_version=&#8221;4.27.4&#8243; _dynamic_attributes=&#8221;button_text,button_url&#8221; _module_preset=&#8221;_initial&#8221; hover_enabled=&#8221;0&#8243; global_colors_info=&#8221;{}&#8221; sticky_enabled=&#8221;0&#8243;][\/et_pb_button][\/et_pb_column][\/et_pb_row][\/et_pb_section]<\/p>\n","protected":false},"excerpt":{"rendered":"<p>Thank you for your request! It has been successfully sent. We are processing it and will get back to you shortly.<\/p>\n","protected":false},"author":1,"featured_media":0,"parent":0,"menu_order":1010,"comment_status":"closed","ping_status":"closed","template":"","meta":{"_et_pb_use_builder":"on","_et_pb_old_content":"[vc_row css=\".vc_custom_1650981400486{padding-top: 150px !important;padding-bottom: 150px !important;}\"][vc_column][vc_column_text]\r\n<h1 style=\"text-align: center;\">Merci pour votre demande !<\/h1>\r\n<p style=\"text-align: center;\">Elle a \u00e9t\u00e9 envoy\u00e9e avec succ\u00e8s. Nous la traitons et revenons vers vous dans les plus brefs d\u00e9lais.<\/p>\r\n[\/vc_column_text][dt_default_button link=\"url:https%3A%2F%2Fenergipole.com%2F|title:Accueil\" size=\"big\" button_alignment=\"btn_center\"]Revenez \u00e0 la page d\u2019accueil[\/dt_default_button][\/vc_column][\/vc_row]","_et_gb_content_width":"","footnotes":""},"class_list":["post-72615","page","type-page","status-publish","hentry"],"yoast_head":"<!-- This site is optimized with the Yoast SEO plugin v27.5 - https:\/\/yoast.com\/product\/yoast-seo-wordpress\/ -->\n<title>Confirmation | Energipole<\/title>\n<meta name=\"robots\" content=\"index, follow, max-snippet:-1, max-image-preview:large, max-video-preview:-1\" \/>\n<link rel=\"canonical\" href=\"https:\/\/energipole.com\/en\/confirmation\/\" \/>\n<meta property=\"og:locale\" content=\"en_US\" \/>\n<meta property=\"og:type\" content=\"article\" \/>\n<meta property=\"og:title\" content=\"Confirmation | Energipole\" \/>\n<meta property=\"og:description\" content=\"Thank you for your request! It has been successfully sent. We are processing it and will get back to you shortly.\" \/>\n<meta property=\"og:url\" content=\"https:\/\/energipole.com\/en\/confirmation\/\" \/>\n<meta property=\"og:site_name\" content=\"Energipole\" \/>\n<meta property=\"article:modified_time\" content=\"2025-11-18T15:36:22+00:00\" \/>\n<meta name=\"twitter:card\" content=\"summary_large_image\" \/>\n<meta name=\"twitter:label1\" content=\"Est. reading time\" \/>\n\t<meta name=\"twitter:data1\" content=\"1 minute\" \/>\n<script type=\"application\/ld+json\" class=\"yoast-schema-graph\">{\"@context\":\"https:\\\/\\\/schema.org\",\"@graph\":[{\"@type\":\"WebPage\",\"@id\":\"https:\\\/\\\/energipole.com\\\/en\\\/confirmation\\\/\",\"url\":\"https:\\\/\\\/energipole.com\\\/en\\\/confirmation\\\/\",\"name\":\"Confirmation | Energipole\",\"isPartOf\":{\"@id\":\"https:\\\/\\\/energipole.com\\\/en\\\/#website\"},\"datePublished\":\"2022-04-26T13:56:47+00:00\",\"dateModified\":\"2025-11-18T15:36:22+00:00\",\"breadcrumb\":{\"@id\":\"https:\\\/\\\/energipole.com\\\/en\\\/confirmation\\\/#breadcrumb\"},\"inLanguage\":\"en-US\",\"potentialAction\":[{\"@type\":\"ReadAction\",\"target\":[\"https:\\\/\\\/energipole.com\\\/en\\\/confirmation\\\/\"]}]},{\"@type\":\"BreadcrumbList\",\"@id\":\"https:\\\/\\\/energipole.com\\\/en\\\/confirmation\\\/#breadcrumb\",\"itemListElement\":[{\"@type\":\"ListItem\",\"position\":1,\"name\":\"Accueil\",\"item\":\"https:\\\/\\\/energipole.com\\\/en\\\/\"},{\"@type\":\"ListItem\",\"position\":2,\"name\":\"Confirmation\"}]},{\"@type\":\"WebSite\",\"@id\":\"https:\\\/\\\/energipole.com\\\/en\\\/#website\",\"url\":\"https:\\\/\\\/energipole.com\\\/en\\\/\",\"name\":\"Energipole\",\"description\":\"\",\"publisher\":{\"@id\":\"https:\\\/\\\/energipole.com\\\/en\\\/#organization\"},\"potentialAction\":[{\"@type\":\"SearchAction\",\"target\":{\"@type\":\"EntryPoint\",\"urlTemplate\":\"https:\\\/\\\/energipole.com\\\/en\\\/?s={search_term_string}\"},\"query-input\":{\"@type\":\"PropertyValueSpecification\",\"valueRequired\":true,\"valueName\":\"search_term_string\"}}],\"inLanguage\":\"en-US\"},{\"@type\":\"Organization\",\"@id\":\"https:\\\/\\\/energipole.com\\\/en\\\/#organization\",\"name\":\"Energipole\",\"url\":\"https:\\\/\\\/energipole.com\\\/en\\\/\",\"logo\":{\"@type\":\"ImageObject\",\"inLanguage\":\"en-US\",\"@id\":\"https:\\\/\\\/energipole.com\\\/en\\\/#\\\/schema\\\/logo\\\/image\\\/\",\"url\":\"https:\\\/\\\/energipole.com\\\/wp-content\\\/uploads\\\/2025\\\/08\\\/ENERGIPOLE-dark.svg\",\"contentUrl\":\"https:\\\/\\\/energipole.com\\\/wp-content\\\/uploads\\\/2025\\\/08\\\/ENERGIPOLE-dark.svg\",\"width\":1,\"height\":1,\"caption\":\"Energipole\"},\"image\":{\"@id\":\"https:\\\/\\\/energipole.com\\\/en\\\/#\\\/schema\\\/logo\\\/image\\\/\"},\"sameAs\":[\"https:\\\/\\\/be.linkedin.com\\\/company\\\/energipole\"]}]}<\/script>\n<!-- \/ Yoast SEO plugin. -->","yoast_head_json":{"title":"Confirmation | Energipole","robots":{"index":"index","follow":"follow","max-snippet":"max-snippet:-1","max-image-preview":"max-image-preview:large","max-video-preview":"max-video-preview:-1"},"canonical":"https:\/\/energipole.com\/en\/confirmation\/","og_locale":"en_US","og_type":"article","og_title":"Confirmation | Energipole","og_description":"Thank you for your request! It has been successfully sent. We are processing it and will get back to you shortly.","og_url":"https:\/\/energipole.com\/en\/confirmation\/","og_site_name":"Energipole","article_modified_time":"2025-11-18T15:36:22+00:00","twitter_card":"summary_large_image","twitter_misc":{"Est. reading time":"1 minute"},"schema":{"@context":"https:\/\/schema.org","@graph":[{"@type":"WebPage","@id":"https:\/\/energipole.com\/en\/confirmation\/","url":"https:\/\/energipole.com\/en\/confirmation\/","name":"Confirmation | Energipole","isPartOf":{"@id":"https:\/\/energipole.com\/en\/#website"},"datePublished":"2022-04-26T13:56:47+00:00","dateModified":"2025-11-18T15:36:22+00:00","breadcrumb":{"@id":"https:\/\/energipole.com\/en\/confirmation\/#breadcrumb"},"inLanguage":"en-US","potentialAction":[{"@type":"ReadAction","target":["https:\/\/energipole.com\/en\/confirmation\/"]}]},{"@type":"BreadcrumbList","@id":"https:\/\/energipole.com\/en\/confirmation\/#breadcrumb","itemListElement":[{"@type":"ListItem","position":1,"name":"Accueil","item":"https:\/\/energipole.com\/en\/"},{"@type":"ListItem","position":2,"name":"Confirmation"}]},{"@type":"WebSite","@id":"https:\/\/energipole.com\/en\/#website","url":"https:\/\/energipole.com\/en\/","name":"Energipole","description":"","publisher":{"@id":"https:\/\/energipole.com\/en\/#organization"},"potentialAction":[{"@type":"SearchAction","target":{"@type":"EntryPoint","urlTemplate":"https:\/\/energipole.com\/en\/?s={search_term_string}"},"query-input":{"@type":"PropertyValueSpecification","valueRequired":true,"valueName":"search_term_string"}}],"inLanguage":"en-US"},{"@type":"Organization","@id":"https:\/\/energipole.com\/en\/#organization","name":"Energipole","url":"https:\/\/energipole.com\/en\/","logo":{"@type":"ImageObject","inLanguage":"en-US","@id":"https:\/\/energipole.com\/en\/#\/schema\/logo\/image\/","url":"https:\/\/energipole.com\/wp-content\/uploads\/2025\/08\/ENERGIPOLE-dark.svg","contentUrl":"https:\/\/energipole.com\/wp-content\/uploads\/2025\/08\/ENERGIPOLE-dark.svg","width":1,"height":1,"caption":"Energipole"},"image":{"@id":"https:\/\/energipole.com\/en\/#\/schema\/logo\/image\/"},"sameAs":["https:\/\/be.linkedin.com\/company\/energipole"]}]}},"_links":{"self":[{"href":"https:\/\/energipole.com\/en\/wp-json\/wp\/v2\/pages\/72615","targetHints":{"allow":["GET"]}}],"collection":[{"href":"https:\/\/energipole.com\/en\/wp-json\/wp\/v2\/pages"}],"about":[{"href":"https:\/\/energipole.com\/en\/wp-json\/wp\/v2\/types\/page"}],"author":[{"embeddable":true,"href":"https:\/\/energipole.com\/en\/wp-json\/wp\/v2\/users\/1"}],"replies":[{"embeddable":true,"href":"https:\/\/energipole.com\/en\/wp-json\/wp\/v2\/comments?post=72615"}],"version-history":[{"count":2,"href":"https:\/\/energipole.com\/en\/wp-json\/wp\/v2\/pages\/72615\/revisions"}],"predecessor-version":[{"id":72619,"href":"https:\/\/energipole.com\/en\/wp-json\/wp\/v2\/pages\/72615\/revisions\/72619"}],"wp:attachment":[{"href":"https:\/\/energipole.com\/en\/wp-json\/wp\/v2\/media?parent=72615"}],"curies":[{"name":"wp","href":"https:\/\/api.w.org\/{rel}","templated":true}]}}